{"id":1083,"date":"2023-09-25T03:40:24","date_gmt":"2023-09-25T03:40:24","guid":{"rendered":"http:\/\/jbwebcreative.com\/?page_id=1083"},"modified":"2024-04-16T04:18:20","modified_gmt":"2024-04-16T04:18:20","slug":"politique-de-confidentialite","status":"publish","type":"page","link":"https:\/\/jbwebcreative.com\/fr\/politique-de-confidentialite\/","title":{"rendered":"POLITIQUE DE CONFIDENTIALIT\u00c9"},"content":{"rendered":"\t\t<div data-elementor-type=\"wp-page\" data-elementor-id=\"1083\" class=\"elementor elementor-1083\" data-elementor-post-type=\"page\">\n\t\t\t\t<div class=\"elementor-element elementor-element-94a0b78 e-flex e-con-boxed e-con e-parent\" data-id=\"94a0b78\" data-element_type=\"container\" data-e-type=\"container\" data-settings=\"{&quot;background_background&quot;:&quot;classic&quot;}\">\n\t\t\t\t\t<div class=\"e-con-inner\">\n\t\t\t\t<div class=\"elementor-element elementor-element-4d6bb6a elementor-widget elementor-widget-heading\" data-id=\"4d6bb6a\" data-element_type=\"widget\" data-e-type=\"widget\" data-widget_type=\"heading.default\">\n\t\t\t\t<div class=\"elementor-widget-container\">\n\t\t\t\t\t<h1 class=\"elementor-heading-title elementor-size-default\">Politique de confidentialit\u00e9 de JB WEB CREATIVE\n<\/h1>\t\t\t\t<\/div>\n\t\t\t\t<\/div>\n\t\t\t\t<div class=\"elementor-element elementor-element-44da55c elementor-widget elementor-widget-text-editor\" data-id=\"44da55c\" data-element_type=\"widget\" data-e-type=\"widget\" data-widget_type=\"text-editor.default\">\n\t\t\t\t<div class=\"elementor-widget-container\">\n\t\t\t\t\t\t\t\t\t<p><span style=\"font-weight: 400;\">Derni\u00e8re mise \u00e0 jour : 20\/09\/2023<\/span><\/p><p><span style=\"font-weight: 400;\">JB WEB CREATIVE (\u00ab\u00a0nous\u00a0\u00bb, \u00ab\u00a0notre\u00a0\u00bb ou \u00ab\u00a0nos\u00a0\u00bb) s&rsquo;engage \u00e0 prot\u00e9ger la vie priv\u00e9e de ses utilisateurs. Cette politique de confidentialit\u00e9 explique comment nous recueillons, utilisons, divulguons et prot\u00e9geons vos informations personnelles. En utilisant notre site web ou nos services, vous acceptez les pratiques d\u00e9crites dans cette politique.<\/span><\/p><p><b>Informations collect\u00e9es<\/b><\/p><p><b>Informations personnelles :<\/b><span style=\"font-weight: 400;\"> Nous pouvons recueillir des informations personnelles telles que votre nom, votre adresse \u00e9lectronique, votre num\u00e9ro de t\u00e9l\u00e9phone et d&rsquo;autres coordonn\u00e9es lorsque vous nous les fournissez par le biais de formulaires sur notre site web ou au cours de l&rsquo;utilisation de nos services.<\/span><\/p><p><b>Informations relatives \u00e0 l&rsquo;utilisation : <\/b><span style=\"font-weight: 400;\">Nous pouvons collecter des informations sur la mani\u00e8re dont vous interagissez avec notre site web et nos services, y compris votre adresse IP, des informations sur votre appareil, votre type de navigateur et les pages visit\u00e9es.<\/span><\/p><p><b>Comment nous utilisons vos informations<\/b><\/p><p><span style=\"font-weight: 400;\">Nous utilisons les informations que nous recueillons \u00e0 diverses fins, notamment pour<\/span><\/p><p><span style=\"font-weight: 400;\">&#8211; Fournir et am\u00e9liorer nos services.<\/span><\/p><p><span style=\"font-weight: 400;\">&#8211; Communiquer avec vous, y compris r\u00e9pondre \u00e0 des demandes de renseignements.<\/span><\/p><p><span style=\"font-weight: 400;\">&#8211; Vous envoyer des informations pertinentes, des mises \u00e0 jour ou du mat\u00e9riel promotionnel.<\/span><\/p><p><span style=\"font-weight: 400;\">&#8211; Analyser l&rsquo;utilisation du site web et des services afin d&rsquo;am\u00e9liorer l&rsquo;exp\u00e9rience de l&rsquo;utilisateur.<\/span><\/p><p><b>Divulgation de vos informations<\/b><\/p><p><span style=\"font-weight: 400;\">Nous ne vendons pas, n&rsquo;\u00e9changeons pas et ne transf\u00e9rons pas vos informations personnelles \u00e0 des tiers sans votre consentement. Toutefois, nous pouvons partager vos informations dans les circonstances suivantes :<\/span><\/p><p><span style=\"font-weight: 400;\">&#8211; Avec des prestataires de services et des partenaires qui nous aident \u00e0 fournir nos services.<\/span><\/p><p><span style=\"font-weight: 400;\">&#8211; Lorsque la loi l&rsquo;exige ou pour prot\u00e9ger nos droits, notre vie priv\u00e9e, notre s\u00e9curit\u00e9 ou nos biens.<\/span><\/p><p><span style=\"font-weight: 400;\">&#8211; Dans le cadre d&rsquo;une transaction commerciale, telle qu&rsquo;une fusion, une acquisition ou une vente d&rsquo;actifs.<\/span><\/p><p><b>S\u00e9curit\u00e9<\/b><\/p><p><span style=\"font-weight: 400;\">Nous prenons des mesures raisonnables pour prot\u00e9ger vos informations personnelles contre tout acc\u00e8s ou toute divulgation non autoris\u00e9s. Toutefois, aucune m\u00e9thode de transmission sur l&rsquo;internet ou de stockage \u00e9lectronique n&rsquo;est s\u00fbre \u00e0 100 %. Par cons\u00e9quent, bien que nous nous efforcions d&rsquo;utiliser des moyens commercialement acceptables pour prot\u00e9ger vos informations personnelles, nous ne pouvons pas garantir leur s\u00e9curit\u00e9 absolue.<\/span><\/p><p><b>Vos choix<\/b><\/p><p><span style=\"font-weight: 400;\">Vous pouvez disposer de divers droits concernant vos informations personnelles, y compris le droit d&rsquo;acc\u00e9der \u00e0 vos informations, de les corriger ou de les supprimer. Pour exercer ces droits ou pour toute demande concernant vos informations, veuillez nous contacter en utilisant les informations fournies ci-dessous.<\/span><\/p><p><b>Modifications de la pr\u00e9sente politique de confidentialit\u00e9<\/b><\/p><p><span style=\"font-weight: 400;\">Nous nous r\u00e9servons le droit de mettre \u00e0 jour la pr\u00e9sente politique de confidentialit\u00e9 \u00e0 tout moment. Nous publierons la politique mise \u00e0 jour sur notre site web avec la date de la derni\u00e8re r\u00e9vision. Nous vous encourageons \u00e0 consulter r\u00e9guli\u00e8rement la pr\u00e9sente politique de confidentialit\u00e9 pour prendre connaissance des \u00e9ventuelles modifications.<\/span><\/p><p><b>Nous contacter<\/b><\/p><p><span style=\"font-weight: 400;\">Si vous avez des questions ou des pr\u00e9occupations concernant notre politique de confidentialit\u00e9 ou nos pratiques en mati\u00e8re de donn\u00e9es, veuillez nous contacter \u00e0 l&rsquo;adresse suivante :<\/span><\/p><p><span style=\"font-weight: 400;\">Adresse \u00e9lectronique : contact@jbwebcreative.com<\/span><\/p><p><span style=\"font-weight: 400;\">Num\u00e9ro de t\u00e9l\u00e9phone : 691503379 \/ 653001320<\/span><\/p>\t\t\t\t\t\t\t\t<\/div>\n\t\t\t\t<\/div>\n\t\t\t\t\t<\/div>\n\t\t\t\t<\/div>\n\t\t\t\t<\/div>\n\t\t","protected":false},"excerpt":{"rendered":"<p>Politique de confidentialit\u00e9 de JB WEB CREATIVE Derni\u00e8re mise \u00e0 jour : 20\/09\/2023 JB WEB CREATIVE (\u00ab\u00a0nous\u00a0\u00bb, \u00ab\u00a0notre\u00a0\u00bb ou \u00ab\u00a0nos\u00a0\u00bb) s&rsquo;engage \u00e0 prot\u00e9ger la vie priv\u00e9e de ses utilisateurs. Cette politique de confidentialit\u00e9 explique comment nous recueillons, utilisons, divulguons et prot\u00e9geons vos informations personnelles. En utilisant notre site web ou nos services, vous acceptez les [&hellip;]<\/p>\n","protected":false},"author":1,"featured_media":0,"parent":0,"menu_order":0,"comment_status":"closed","ping_status":"closed","template":"","meta":{"site-sidebar-layout":"no-sidebar","site-content-layout":"page-builder","ast-site-content-layout":"full-width-container","site-content-style":"default","site-sidebar-style":"default","ast-global-header-display":"","ast-banner-title-visibility":"","ast-main-header-display":"","ast-hfb-above-header-display":"","ast-hfb-below-header-display":"","ast-hfb-mobile-header-display":"","site-post-title":"disabled","ast-breadcrumbs-content":"","ast-featured-img":"disabled","footer-sml-layout":"","theme-transparent-header-meta":"","adv-header-id-meta":"","stick-header-meta":"","header-above-stick-meta":"","header-main-stick-meta":"","header-below-stick-meta":"","astra-migrate-meta-layouts":"set","ast-page-background-enabled":"default","ast-page-background-meta":{"desktop":{"background-color":"var(--ast-global-color-4)","background-image":"","background-repeat":"repeat","background-position":"center center","background-size":"auto","background-attachment":"scroll","background-type":"","background-media":"","overlay-type":"","overlay-color":"","overlay-opacity":"","overlay-gradient":""},"tablet":{"background-color":"","background-image":"","background-repeat":"repeat","background-position":"center center","background-size":"auto","background-attachment":"scroll","background-type":"","background-media":"","overlay-type":"","overlay-color":"","overlay-opacity":"","overlay-gradient":""},"mobile":{"background-color":"","background-image":"","background-repeat":"repeat","background-position":"center center","background-size":"auto","background-attachment":"scroll","background-type":"","background-media":"","overlay-type":"","overlay-color":"","overlay-opacity":"","overlay-gradient":""}},"ast-content-background-meta":{"desktop":{"background-color":"var(--ast-global-color-5)","background-image":"","background-repeat":"repeat","background-position":"center center","background-size":"auto","background-attachment":"scroll","background-type":"","background-media":"","overlay-type":"","overlay-color":"","overlay-opacity":"","overlay-gradient":""},"tablet":{"background-color":"var(--ast-global-color-5)","background-image":"","background-repeat":"repeat","background-position":"center center","background-size":"auto","background-attachment":"scroll","background-type":"","background-media":"","overlay-type":"","overlay-color":"","overlay-opacity":"","overlay-gradient":""},"mobile":{"background-color":"var(--ast-global-color-5)","background-image":"","background-repeat":"repeat","background-position":"center center","background-size":"auto","background-attachment":"scroll","background-type":"","background-media":"","overlay-type":"","overlay-color":"","overlay-opacity":"","overlay-gradient":""}},"footnotes":""},"class_list":["post-1083","page","type-page","status-publish","hentry"],"_links":{"self":[{"href":"https:\/\/jbwebcreative.com\/fr\/wp-json\/wp\/v2\/pages\/1083","targetHints":{"allow":["GET"]}}],"collection":[{"href":"https:\/\/jbwebcreative.com\/fr\/wp-json\/wp\/v2\/pages"}],"about":[{"href":"https:\/\/jbwebcreative.com\/fr\/wp-json\/wp\/v2\/types\/page"}],"author":[{"embeddable":true,"href":"https:\/\/jbwebcreative.com\/fr\/wp-json\/wp\/v2\/users\/1"}],"replies":[{"embeddable":true,"href":"https:\/\/jbwebcreative.com\/fr\/wp-json\/wp\/v2\/comments?post=1083"}],"version-history":[{"count":13,"href":"https:\/\/jbwebcreative.com\/fr\/wp-json\/wp\/v2\/pages\/1083\/revisions"}],"predecessor-version":[{"id":2276,"href":"https:\/\/jbwebcreative.com\/fr\/wp-json\/wp\/v2\/pages\/1083\/revisions\/2276"}],"wp:attachment":[{"href":"https:\/\/jbwebcreative.com\/fr\/wp-json\/wp\/v2\/media?parent=1083"}],"curies":[{"name":"wp","href":"https:\/\/api.w.org\/{rel}","templated":true}]}}